{"id":192578,"date":"2018-12-21T09:14:35","date_gmt":"2018-12-21T16:14:35","guid":{"rendered":"https:\/\/bigtimbercanada.rocket55dev.comabout\/"},"modified":"2024-09-12T07:56:56","modified_gmt":"2024-09-12T13:56:56","slug":"about","status":"publish","type":"page","link":"https:\/\/bigtimberfasteners.ca\/fr\/about\/","title":{"rendered":"BIENVENUE CHEZ BIG TIMBER"},"content":{"rendered":"<p>Bienvenue chez Big Timber Fasteners, o\u00f9 la robustesse rejoint la fiabilit\u00e9. Enracin\u00e9s dans les majestueuses montagnes de l&rsquo;Ouest, nous vous proposons des vis de premier choix con\u00e7ues pour relever les d\u00e9fis les plus difficiles dans le domaine de la construction. Nos produits, test\u00e9s en montagne pour une durabilit\u00e9 extr\u00eame, r\u00e9sistent aux conditions les plus difficiles. Que vous construisiez une cabane dans les Rocheuses ou un chalet au c\u0153ur du Canada, nos fixations garantissent que vos projets seront b\u00e2tis pour durer. Lancez-vous dans l&rsquo;aventure de la construction en toute confiance, sachant que Big Timber Fasteners est \u00e0 vos c\u00f4t\u00e9s \u00e0 chaque \u00e9tape du processus.<\/p>\n<p>D\u00e9couvrez la gamme compl\u00e8te de nos fixations robustes et fiables. <a href=\"https:\/\/bigtimberfasteners.ca\/fr\/products\/\">Cliquez ici<\/a> pour d\u00e9couvrir comment Big Timber Fasteners peut renforcer votre prochain projet de construction gr\u00e2ce \u00e0 une durabilit\u00e9 et une r\u00e9sistance in\u00e9gal\u00e9es.<\/p>\n<p>Des questions subsistent ou vous avez besoin d&rsquo;aide ? Nous sommes l\u00e0 pour vous aider ! <a href=\"https:\/\/bigtimberfasteners.ca\/fr\/contact\/\">Contactez-nous<\/a> via notre page de contact, et construisons ensemble quelque chose de grand.<\/p>\n","protected":false},"excerpt":{"rendered":"<p>Bienvenue chez Big Timber Fasteners, o\u00f9 la robustesse rejoint la fiabilit\u00e9. Enracin\u00e9s dans les majestueuses montagnes de l&rsquo;Ouest, nous vous proposons des vis de premier choix con\u00e7ues pour relever les d\u00e9fis les plus difficiles dans le domaine de la construction. Nos produits, test\u00e9s en montagne pour une durabilit\u00e9 extr\u00eame, r\u00e9sistent aux conditions les plus difficiles.<a class=\"moretag\" href=\"https:\/\/bigtimberfasteners.ca\/fr\/about\/\"> more&hellip;<\/a><\/p>\n","protected":false},"author":1,"featured_media":0,"parent":0,"menu_order":0,"comment_status":"closed","ping_status":"closed","template":"","meta":{"_acf_changed":false,"footnotes":""},"class_list":["post-192578","page","type-page","status-publish","hentry"],"acf":[],"yoast_head":"<!-- This site is optimized with the Yoast SEO plugin v27.0 - https:\/\/yoast.com\/product\/yoast-seo-wordpress\/ -->\n<title>\u00c0 propos de Big Timber<\/title>\n<meta name=\"description\" content=\"Depuis 1945, Big Timber propose des vis et des embouts de construction sp\u00e9cialis\u00e9s aux revendeurs ind\u00e9pendants de mat\u00e9riaux de construction.\" \/>\n<meta name=\"robots\" content=\"index, follow, max-snippet:-1, max-image-preview:large, max-video-preview:-1\" \/>\n<link rel=\"canonical\" href=\"https:\/\/bigtimberfasteners.ca\/fr\/about\/\" \/>\n<meta property=\"og:locale\" content=\"fr_FR\" \/>\n<meta property=\"og:type\" content=\"article\" \/>\n<meta property=\"og:title\" content=\"\u00c0 propos de Big Timber\" \/>\n<meta property=\"og:description\" content=\"Depuis 1945, Big Timber propose des vis et des embouts de construction sp\u00e9cialis\u00e9s aux revendeurs ind\u00e9pendants de mat\u00e9riaux de construction.\" \/>\n<meta property=\"og:url\" content=\"https:\/\/bigtimberfasteners.ca\/fr\/about\/\" \/>\n<meta property=\"og:site_name\" content=\"Big Timber Construction Fasteners\" \/>\n<meta property=\"article:modified_time\" content=\"2024-09-12T13:56:56+00:00\" \/>\n<meta property=\"og:image\" content=\"https:\/\/bigtimberfasteners.ca\/wp-content\/uploads\/2024\/08\/Greenshot-2024-08-23-12.44.33.png\" \/>\n\t<meta property=\"og:image:width\" content=\"1586\" \/>\n\t<meta property=\"og:image:height\" content=\"920\" \/>\n\t<meta property=\"og:image:type\" content=\"image\/png\" \/>\n<meta name=\"twitter:card\" content=\"summary_large_image\" \/>\n<meta name=\"twitter:label1\" content=\"Dur\u00e9e de lecture estim\u00e9e\" \/>\n\t<meta name=\"twitter:data1\" content=\"1 minute\" \/>\n<script type=\"application\/ld+json\" class=\"yoast-schema-graph\">{\"@context\":\"https:\/\/schema.org\",\"@graph\":[{\"@type\":\"WebPage\",\"@id\":\"https:\/\/bigtimberfasteners.ca\/fr\/about\/\",\"url\":\"https:\/\/bigtimberfasteners.ca\/fr\/about\/\",\"name\":\"\u00c0 propos de Big Timber\",\"isPartOf\":{\"@id\":\"https:\/\/bigtimberfasteners.ca\/fr\/#website\"},\"datePublished\":\"2018-12-21T16:14:35+00:00\",\"dateModified\":\"2024-09-12T13:56:56+00:00\",\"description\":\"Depuis 1945, Big Timber propose des vis et des embouts de construction sp\u00e9cialis\u00e9s aux revendeurs ind\u00e9pendants de mat\u00e9riaux de construction.\",\"breadcrumb\":{\"@id\":\"https:\/\/bigtimberfasteners.ca\/fr\/about\/#breadcrumb\"},\"inLanguage\":\"fr-FR\",\"potentialAction\":[{\"@type\":\"ReadAction\",\"target\":[\"https:\/\/bigtimberfasteners.ca\/fr\/about\/\"]}]},{\"@type\":\"BreadcrumbList\",\"@id\":\"https:\/\/bigtimberfasteners.ca\/fr\/about\/#breadcrumb\",\"itemListElement\":[{\"@type\":\"ListItem\",\"position\":1,\"name\":\"Home\",\"item\":\"https:\/\/bigtimberfasteners.ca\/fr\/\"},{\"@type\":\"ListItem\",\"position\":2,\"name\":\"BIENVENUE CHEZ BIG TIMBER\"}]},{\"@type\":\"WebSite\",\"@id\":\"https:\/\/bigtimberfasteners.ca\/fr\/#website\",\"url\":\"https:\/\/bigtimberfasteners.ca\/fr\/\",\"name\":\"Big Timber Construction Fasteners\",\"description\":\"Professional Grade Fasteners for Professionals and Weekend Warriors\",\"potentialAction\":[{\"@type\":\"SearchAction\",\"target\":{\"@type\":\"EntryPoint\",\"urlTemplate\":\"https:\/\/bigtimberfasteners.ca\/fr\/?s={search_term_string}\"},\"query-input\":{\"@type\":\"PropertyValueSpecification\",\"valueRequired\":true,\"valueName\":\"search_term_string\"}}],\"inLanguage\":\"fr-FR\"}]}<\/script>\n<!-- \/ Yoast SEO plugin. -->","yoast_head_json":{"title":"\u00c0 propos de Big Timber","description":"Depuis 1945, Big Timber propose des vis et des embouts de construction sp\u00e9cialis\u00e9s aux revendeurs ind\u00e9pendants de mat\u00e9riaux de construction.","robots":{"index":"index","follow":"follow","max-snippet":"max-snippet:-1","max-image-preview":"max-image-preview:large","max-video-preview":"max-video-preview:-1"},"canonical":"https:\/\/bigtimberfasteners.ca\/fr\/about\/","og_locale":"fr_FR","og_type":"article","og_title":"\u00c0 propos de Big Timber","og_description":"Depuis 1945, Big Timber propose des vis et des embouts de construction sp\u00e9cialis\u00e9s aux revendeurs ind\u00e9pendants de mat\u00e9riaux de construction.","og_url":"https:\/\/bigtimberfasteners.ca\/fr\/about\/","og_site_name":"Big Timber Construction Fasteners","article_modified_time":"2024-09-12T13:56:56+00:00","og_image":[{"width":1586,"height":920,"url":"https:\/\/bigtimberfasteners.ca\/wp-content\/uploads\/2024\/08\/Greenshot-2024-08-23-12.44.33.png","type":"image\/png"}],"twitter_card":"summary_large_image","twitter_misc":{"Dur\u00e9e de lecture estim\u00e9e":"1 minute"},"schema":{"@context":"https:\/\/schema.org","@graph":[{"@type":"WebPage","@id":"https:\/\/bigtimberfasteners.ca\/fr\/about\/","url":"https:\/\/bigtimberfasteners.ca\/fr\/about\/","name":"\u00c0 propos de Big Timber","isPartOf":{"@id":"https:\/\/bigtimberfasteners.ca\/fr\/#website"},"datePublished":"2018-12-21T16:14:35+00:00","dateModified":"2024-09-12T13:56:56+00:00","description":"Depuis 1945, Big Timber propose des vis et des embouts de construction sp\u00e9cialis\u00e9s aux revendeurs ind\u00e9pendants de mat\u00e9riaux de construction.","breadcrumb":{"@id":"https:\/\/bigtimberfasteners.ca\/fr\/about\/#breadcrumb"},"inLanguage":"fr-FR","potentialAction":[{"@type":"ReadAction","target":["https:\/\/bigtimberfasteners.ca\/fr\/about\/"]}]},{"@type":"BreadcrumbList","@id":"https:\/\/bigtimberfasteners.ca\/fr\/about\/#breadcrumb","itemListElement":[{"@type":"ListItem","position":1,"name":"Home","item":"https:\/\/bigtimberfasteners.ca\/fr\/"},{"@type":"ListItem","position":2,"name":"BIENVENUE CHEZ BIG TIMBER"}]},{"@type":"WebSite","@id":"https:\/\/bigtimberfasteners.ca\/fr\/#website","url":"https:\/\/bigtimberfasteners.ca\/fr\/","name":"Big Timber Construction Fasteners","description":"Professional Grade Fasteners for Professionals and Weekend Warriors","potentialAction":[{"@type":"SearchAction","target":{"@type":"EntryPoint","urlTemplate":"https:\/\/bigtimberfasteners.ca\/fr\/?s={search_term_string}"},"query-input":{"@type":"PropertyValueSpecification","valueRequired":true,"valueName":"search_term_string"}}],"inLanguage":"fr-FR"}]}},"_links":{"self":[{"href":"https:\/\/bigtimberfasteners.ca\/fr\/wp-json\/wp\/v2\/pages\/192578","targetHints":{"allow":["GET"]}}],"collection":[{"href":"https:\/\/bigtimberfasteners.ca\/fr\/wp-json\/wp\/v2\/pages"}],"about":[{"href":"https:\/\/bigtimberfasteners.ca\/fr\/wp-json\/wp\/v2\/types\/page"}],"author":[{"embeddable":true,"href":"https:\/\/bigtimberfasteners.ca\/fr\/wp-json\/wp\/v2\/users\/1"}],"replies":[{"embeddable":true,"href":"https:\/\/bigtimberfasteners.ca\/fr\/wp-json\/wp\/v2\/comments?post=192578"}],"version-history":[{"count":15,"href":"https:\/\/bigtimberfasteners.ca\/fr\/wp-json\/wp\/v2\/pages\/192578\/revisions"}],"predecessor-version":[{"id":193061,"href":"https:\/\/bigtimberfasteners.ca\/fr\/wp-json\/wp\/v2\/pages\/192578\/revisions\/193061"}],"wp:attachment":[{"href":"https:\/\/bigtimberfasteners.ca\/fr\/wp-json\/wp\/v2\/media?parent=192578"}],"curies":[{"name":"wp","href":"https:\/\/api.w.org\/{rel}","templated":true}]}}