{"id":192584,"date":"2018-12-21T13:06:25","date_gmt":"2018-12-21T20:06:25","guid":{"rendered":"https:\/\/bigtimbercanada.rocket55dev.comcontact\/"},"modified":"2024-08-29T12:39:40","modified_gmt":"2024-08-29T18:39:40","slug":"contact","status":"publish","type":"page","link":"https:\/\/bigtimberfasteners.ca\/fr\/contact\/","title":{"rendered":"Contact"},"content":{"rendered":"<div class=\"contact-form\">\n<h2>Des questions?<\/h2>\n<p>Vous avez des questions ? Si vous ne savez pas qui contacter ou avez des commentaires, utilisez ce formulaire<\/p>\n<hr \/>\n\n<div class=\"wpcf7 no-js\" id=\"wpcf7-f192776-o1\" lang=\"fr-FR\" dir=\"ltr\" data-wpcf7-id=\"192776\">\n<div class=\"screen-reader-response\"><p role=\"status\" aria-live=\"polite\" aria-atomic=\"true\"><\/p> <ul><\/ul><\/div>\n<form action=\"\/fr\/wp-json\/wp\/v2\/pages\/192584#wpcf7-f192776-o1\" method=\"post\" class=\"wpcf7-form init\" aria-label=\"Formulaire de contact\" novalidate=\"novalidate\" data-status=\"init\">\n<fieldset class=\"hidden-fields-container\"><input type=\"hidden\" name=\"_wpcf7\" value=\"192776\" \/><input type=\"hidden\" name=\"_wpcf7_version\" value=\"6.1.5\" \/><input type=\"hidden\" name=\"_wpcf7_locale\" value=\"fr_FR\" \/><input type=\"hidden\" name=\"_wpcf7_unit_tag\" value=\"wpcf7-f192776-o1\" \/><input type=\"hidden\" name=\"_wpcf7_container_post\" value=\"0\" \/><input type=\"hidden\" name=\"_wpcf7_posted_data_hash\" value=\"\" \/>\n<\/fieldset>\n<div class=\"row\">\n\t<div class=\"col-sm-6\">\n\t\t<div class=\"form-group\">\n\t\t\t<p><label class=\"required\" for=\"firstName\"><br \/>\nPr\u00e9nom *<br \/>\n<\/label><br \/>\n<span class=\"wpcf7-form-control-wrap\" data-name=\"first-name\"><input size=\"40\" maxlength=\"400\" class=\"wpcf7-form-control wpcf7-text wpcf7-validates-as-required form-control\" id=\"firstName\" aria-required=\"true\" aria-invalid=\"false\" value=\"\" type=\"text\" name=\"first-name\" \/><\/span>\n\t\t\t<\/p>\n\t\t<\/div>\n\t<\/div>\n\t<div class=\"col-sm-6\">\n\t\t<div class=\"form-group\">\n\t\t\t<p><label class=\"\" for=\"lastName\"><br \/>\nNom *<br \/>\n<\/label><br \/>\n<span class=\"wpcf7-form-control-wrap\" data-name=\"last-name\"><input size=\"40\" maxlength=\"400\" class=\"wpcf7-form-control wpcf7-text wpcf7-validates-as-required form-control\" id=\"lastName\" aria-required=\"true\" aria-invalid=\"false\" value=\"\" type=\"text\" name=\"last-name\" \/><\/span>\n\t\t\t<\/p>\n\t\t<\/div>\n\t<\/div>\n<\/div>\n<div class=\"row\">\n\t<div class=\"col-sm-6\">\n\t\t<div class=\"form-group\">\n\t\t\t<p><label class=\"required\" for=\"yourEmail\"><br \/>\ncourriel *<br \/>\n<\/label><br \/>\n<span class=\"wpcf7-form-control-wrap\" data-name=\"your-email\"><input size=\"40\" maxlength=\"400\" class=\"wpcf7-form-control wpcf7-email wpcf7-validates-as-required wpcf7-text wpcf7-validates-as-email form-control\" id=\"yourEmail\" aria-required=\"true\" aria-invalid=\"false\" value=\"\" type=\"email\" name=\"your-email\" \/><\/span>\n\t\t\t<\/p>\n\t\t<\/div>\n\t<\/div>\n\t<div class=\"col-sm-6\">\n\t\t<div class=\"form-group\">\n\t\t\t<p><label class=\"required\" for=\"yourPhone\"><br \/>\nt\u00e9l\u00e9phone *<br \/>\n<\/label><br \/>\n<span class=\"wpcf7-form-control-wrap\" data-name=\"your-phone\"><input size=\"40\" maxlength=\"400\" class=\"wpcf7-form-control wpcf7-text wpcf7-validates-as-required form-control\" id=\"yourPhone\" aria-required=\"true\" aria-invalid=\"false\" value=\"\" type=\"text\" name=\"your-phone\" \/><\/span>\n\t\t\t<\/p>\n\t\t<\/div>\n\t<\/div>\n<\/div>\n<div class=\"row\">\n\t<div class=\"col-sm-6\">\n\t\t<div class=\"form-group\">\n\t\t\t<fieldset>\n\t\t\t\t<legend><label class=\"\" for=\"preferredContact\">Moyen de contact pr\u00e9f\u00e9r\u00e9:<\/label>\n\t\t\t\t<\/legend>\n\t\t\t\t<p><span class=\"wpcf7-form-control-wrap\" data-name=\"preferred-contact\"><span class=\"wpcf7-form-control wpcf7-checkbox\" id=\"preferredContact\"><span class=\"wpcf7-list-item first\"><label><input type=\"checkbox\" name=\"preferred-contact[]\" value=\"courriel\" \/><span class=\"wpcf7-list-item-label\">courriel<\/span><\/label><\/span><span class=\"wpcf7-list-item last\"><label><input type=\"checkbox\" name=\"preferred-contact[]\" value=\"t\u00e9l\u00e9phone\" \/><span class=\"wpcf7-list-item-label\">t\u00e9l\u00e9phone<\/span><\/label><\/span><\/span><\/span>\n\t\t\t\t<\/p>\n\t\t\t<\/fieldset>\n\t\t<\/div>\n\t<\/div>\n\t<div class=\"col-sm-6\">\n\t\t<div class=\"form-group\">\n\t\t\t<p><label class=\"\" for=\"bestTime\"><br \/>\nMeilleur moment pour appeler<br \/>\n<\/label><br \/>\n<span class=\"wpcf7-form-control-wrap\" data-name=\"best-time\"><input size=\"40\" maxlength=\"400\" class=\"wpcf7-form-control wpcf7-text form-control\" id=\"bestTime\" aria-invalid=\"false\" value=\"\" type=\"text\" name=\"best-time\" \/><\/span>\n\t\t\t<\/p>\n\t\t<\/div>\n\t<\/div>\n<\/div>\n<div class=\"row\">\n\t<div class=\"col-sm-12\">\n\t\t<div class=\"form-group\">\n\t\t\t<p><label class=\"\" for=\"yourBusinessName\"><br \/>\nNom de l'entreprise ( s'il y a lieu)<br \/>\n<\/label><br \/>\n<span class=\"wpcf7-form-control-wrap\" data-name=\"your-businessname\"><input size=\"40\" maxlength=\"400\" class=\"wpcf7-form-control wpcf7-text form-control\" id=\"yourBusinessName\" aria-invalid=\"false\" value=\"\" type=\"text\" name=\"your-businessname\" \/><\/span>\n\t\t\t<\/p>\n\t\t<\/div>\n\t<\/div>\n<\/div>\n<div class=\"row\">\n\t<div class=\"col-sm-12\">\n\t\t<div class=\"form-group\">\n\t\t\t<p><label class=\"\" for=\"yourCity\"><br \/>\nVille<br \/>\n<\/label><br \/>\n<span class=\"wpcf7-form-control-wrap\" data-name=\"your-city\"><input size=\"40\" maxlength=\"400\" class=\"wpcf7-form-control wpcf7-text form-control\" id=\"yourCity\" aria-invalid=\"false\" value=\"\" type=\"text\" name=\"your-city\" \/><\/span>\n\t\t\t<\/p>\n\t\t<\/div>\n\t<\/div>\n<\/div>\n<div class=\"row\">\n\t<div class=\"col-sm-6\">\n\t\t<div class=\"form-group\">\n\t\t\t<p><label class=\"\" for=\"yourState\"><br \/>\n\u00e9tat ou province<br \/>\n<\/label><br \/>\n<span class=\"wpcf7-form-control-wrap\" data-name=\"your-state\"><input size=\"40\" maxlength=\"400\" class=\"wpcf7-form-control wpcf7-text form-control\" id=\"yourState\" aria-invalid=\"false\" value=\"\" type=\"text\" name=\"your-state\" \/><\/span>\n\t\t\t<\/p>\n\t\t<\/div>\n\t<\/div>\n\t<div class=\"col-sm-6\">\n\t\t<div class=\"form-group\">\n\t\t\t<p><label class=\"\" for=\"yourZip\"><br \/>\nZIP ou code postal<br \/>\n<\/label><br \/>\n<span class=\"wpcf7-form-control-wrap\" data-name=\"your-zip\"><input size=\"40\" maxlength=\"400\" class=\"wpcf7-form-control wpcf7-text form-control\" id=\"yourZip\" aria-invalid=\"false\" value=\"\" type=\"text\" name=\"your-zip\" \/><\/span>\n\t\t\t<\/p>\n\t\t<\/div>\n\t<\/div>\n<\/div>\n<div class=\"row\">\n\t<div class=\"col-sm-12\">\n\t\t<div class=\"form-group\">\n\t\t\t<p><label class=\"\" for=\"yourComments\"><br \/>\nVeuillez d\u00e9crire bri\u00e8vement comment nous pouvons vous aider:<br \/>\n<\/label><br \/>\n<span class=\"wpcf7-form-control-wrap\" data-name=\"your-comments\"><textarea cols=\"40\" rows=\"4\" maxlength=\"2000\" class=\"wpcf7-form-control wpcf7-textarea form-control\" id=\"yourComments\" aria-invalid=\"false\" name=\"your-comments\"><\/textarea><\/span>\n\t\t\t<\/p>\n\t\t<\/div>\n\t<\/div>\n<\/div>\n<div class=\"row pt-4\">\n\t<div class=\"col-sm-12 text-left\">\n\t\t<div class=\"form-group\">\n\t\t\t<p><input class=\"wpcf7-form-control wpcf7-submit has-spinner btn btn-primary\" type=\"submit\" value=\"Envoyer\" \/>\n\t\t\t<\/p>\n\t\t<\/div>\n\t<\/div>\n<\/div><div class=\"wpcf7-response-output\" aria-hidden=\"true\"><\/div>\n<\/form>\n<\/div>\n\n<\/div>\n<p>&nbsp;<\/p>\n<p class=\"text-center\"><img decoding=\"async\" class=\"aligncenter\" src=\"https:\/\/bigtimberfasteners.cawp-content\/uploads\/2019\/01\/divider.png\" alt=\"\" \/><\/p>\n","protected":false},"excerpt":{"rendered":"<p>Des questions? Vous avez des questions ? Si vous ne savez pas qui contacter ou avez des commentaires, utilisez ce formulaire &nbsp;<\/p>\n","protected":false},"author":1,"featured_media":0,"parent":0,"menu_order":0,"comment_status":"closed","ping_status":"closed","template":"","meta":{"_acf_changed":false,"footnotes":""},"class_list":["post-192584","page","type-page","status-publish","hentry"],"acf":[],"yoast_head":"<!-- This site is optimized with the Yoast SEO plugin v27.0 - https:\/\/yoast.com\/product\/yoast-seo-wordpress\/ -->\n<title>Contactez Big Timber<\/title>\n<meta name=\"description\" content=\"Utilisez le formulaire de notre page de contact pour obtenir des r\u00e9ponses \u00e0 vos questions sur Big Timber Construction Fasteners et nous vous r\u00e9pondrons dans les plus brefs d\u00e9lais.\" \/>\n<meta name=\"robots\" content=\"index, follow, max-snippet:-1, max-image-preview:large, max-video-preview:-1\" \/>\n<link rel=\"canonical\" href=\"https:\/\/bigtimberfasteners.ca\/fr\/contact\/\" \/>\n<meta property=\"og:locale\" content=\"fr_FR\" \/>\n<meta property=\"og:type\" content=\"article\" \/>\n<meta property=\"og:title\" content=\"Contactez Big Timber\" \/>\n<meta property=\"og:description\" content=\"Utilisez le formulaire de notre page de contact pour obtenir des r\u00e9ponses \u00e0 vos questions sur Big Timber Construction Fasteners et nous vous r\u00e9pondrons dans les plus brefs d\u00e9lais.\" \/>\n<meta property=\"og:url\" content=\"https:\/\/bigtimberfasteners.ca\/fr\/contact\/\" \/>\n<meta property=\"og:site_name\" content=\"Big Timber Construction Fasteners\" \/>\n<meta property=\"article:modified_time\" content=\"2024-08-29T18:39:40+00:00\" \/>\n<meta property=\"og:image\" content=\"https:\/\/bigtimberfasteners.cawp-content\/uploads\/2019\/01\/divider.png\" \/>\n<meta name=\"twitter:card\" content=\"summary_large_image\" \/>\n<meta name=\"twitter:label1\" content=\"Dur\u00e9e de lecture estim\u00e9e\" \/>\n\t<meta name=\"twitter:data1\" content=\"1 minute\" \/>\n<script type=\"application\/ld+json\" class=\"yoast-schema-graph\">{\"@context\":\"https:\/\/schema.org\",\"@graph\":[{\"@type\":\"WebPage\",\"@id\":\"https:\/\/bigtimberfasteners.ca\/fr\/contact\/\",\"url\":\"https:\/\/bigtimberfasteners.ca\/fr\/contact\/\",\"name\":\"Contactez Big Timber\",\"isPartOf\":{\"@id\":\"https:\/\/bigtimberfasteners.ca\/fr\/#website\"},\"primaryImageOfPage\":{\"@id\":\"https:\/\/bigtimberfasteners.ca\/fr\/contact\/#primaryimage\"},\"image\":{\"@id\":\"https:\/\/bigtimberfasteners.ca\/fr\/contact\/#primaryimage\"},\"thumbnailUrl\":\"https:\/\/bigtimberfasteners.cawp-content\/uploads\/2019\/01\/divider.png\",\"datePublished\":\"2018-12-21T20:06:25+00:00\",\"dateModified\":\"2024-08-29T18:39:40+00:00\",\"description\":\"Utilisez le formulaire de notre page de contact pour obtenir des r\u00e9ponses \u00e0 vos questions sur Big Timber Construction Fasteners et nous vous r\u00e9pondrons dans les plus brefs d\u00e9lais.\",\"breadcrumb\":{\"@id\":\"https:\/\/bigtimberfasteners.ca\/fr\/contact\/#breadcrumb\"},\"inLanguage\":\"fr-FR\",\"potentialAction\":[{\"@type\":\"ReadAction\",\"target\":[\"https:\/\/bigtimberfasteners.ca\/fr\/contact\/\"]}]},{\"@type\":\"ImageObject\",\"inLanguage\":\"fr-FR\",\"@id\":\"https:\/\/bigtimberfasteners.ca\/fr\/contact\/#primaryimage\",\"url\":\"https:\/\/bigtimberfasteners.cawp-content\/uploads\/2019\/01\/divider.png\",\"contentUrl\":\"https:\/\/bigtimberfasteners.cawp-content\/uploads\/2019\/01\/divider.png\"},{\"@type\":\"BreadcrumbList\",\"@id\":\"https:\/\/bigtimberfasteners.ca\/fr\/contact\/#breadcrumb\",\"itemListElement\":[{\"@type\":\"ListItem\",\"position\":1,\"name\":\"Home\",\"item\":\"https:\/\/bigtimberfasteners.ca\/fr\/\"},{\"@type\":\"ListItem\",\"position\":2,\"name\":\"Contact\"}]},{\"@type\":\"WebSite\",\"@id\":\"https:\/\/bigtimberfasteners.ca\/fr\/#website\",\"url\":\"https:\/\/bigtimberfasteners.ca\/fr\/\",\"name\":\"Big Timber Construction Fasteners\",\"description\":\"Professional Grade Fasteners for Professionals and Weekend Warriors\",\"potentialAction\":[{\"@type\":\"SearchAction\",\"target\":{\"@type\":\"EntryPoint\",\"urlTemplate\":\"https:\/\/bigtimberfasteners.ca\/fr\/?s={search_term_string}\"},\"query-input\":{\"@type\":\"PropertyValueSpecification\",\"valueRequired\":true,\"valueName\":\"search_term_string\"}}],\"inLanguage\":\"fr-FR\"}]}<\/script>\n<!-- \/ Yoast SEO plugin. -->","yoast_head_json":{"title":"Contactez Big Timber","description":"Utilisez le formulaire de notre page de contact pour obtenir des r\u00e9ponses \u00e0 vos questions sur Big Timber Construction Fasteners et nous vous r\u00e9pondrons dans les plus brefs d\u00e9lais.","robots":{"index":"index","follow":"follow","max-snippet":"max-snippet:-1","max-image-preview":"max-image-preview:large","max-video-preview":"max-video-preview:-1"},"canonical":"https:\/\/bigtimberfasteners.ca\/fr\/contact\/","og_locale":"fr_FR","og_type":"article","og_title":"Contactez Big Timber","og_description":"Utilisez le formulaire de notre page de contact pour obtenir des r\u00e9ponses \u00e0 vos questions sur Big Timber Construction Fasteners et nous vous r\u00e9pondrons dans les plus brefs d\u00e9lais.","og_url":"https:\/\/bigtimberfasteners.ca\/fr\/contact\/","og_site_name":"Big Timber Construction Fasteners","article_modified_time":"2024-08-29T18:39:40+00:00","og_image":[{"url":"https:\/\/bigtimberfasteners.cawp-content\/uploads\/2019\/01\/divider.png","type":"","width":"","height":""}],"twitter_card":"summary_large_image","twitter_misc":{"Dur\u00e9e de lecture estim\u00e9e":"1 minute"},"schema":{"@context":"https:\/\/schema.org","@graph":[{"@type":"WebPage","@id":"https:\/\/bigtimberfasteners.ca\/fr\/contact\/","url":"https:\/\/bigtimberfasteners.ca\/fr\/contact\/","name":"Contactez Big Timber","isPartOf":{"@id":"https:\/\/bigtimberfasteners.ca\/fr\/#website"},"primaryImageOfPage":{"@id":"https:\/\/bigtimberfasteners.ca\/fr\/contact\/#primaryimage"},"image":{"@id":"https:\/\/bigtimberfasteners.ca\/fr\/contact\/#primaryimage"},"thumbnailUrl":"https:\/\/bigtimberfasteners.cawp-content\/uploads\/2019\/01\/divider.png","datePublished":"2018-12-21T20:06:25+00:00","dateModified":"2024-08-29T18:39:40+00:00","description":"Utilisez le formulaire de notre page de contact pour obtenir des r\u00e9ponses \u00e0 vos questions sur Big Timber Construction Fasteners et nous vous r\u00e9pondrons dans les plus brefs d\u00e9lais.","breadcrumb":{"@id":"https:\/\/bigtimberfasteners.ca\/fr\/contact\/#breadcrumb"},"inLanguage":"fr-FR","potentialAction":[{"@type":"ReadAction","target":["https:\/\/bigtimberfasteners.ca\/fr\/contact\/"]}]},{"@type":"ImageObject","inLanguage":"fr-FR","@id":"https:\/\/bigtimberfasteners.ca\/fr\/contact\/#primaryimage","url":"https:\/\/bigtimberfasteners.cawp-content\/uploads\/2019\/01\/divider.png","contentUrl":"https:\/\/bigtimberfasteners.cawp-content\/uploads\/2019\/01\/divider.png"},{"@type":"BreadcrumbList","@id":"https:\/\/bigtimberfasteners.ca\/fr\/contact\/#breadcrumb","itemListElement":[{"@type":"ListItem","position":1,"name":"Home","item":"https:\/\/bigtimberfasteners.ca\/fr\/"},{"@type":"ListItem","position":2,"name":"Contact"}]},{"@type":"WebSite","@id":"https:\/\/bigtimberfasteners.ca\/fr\/#website","url":"https:\/\/bigtimberfasteners.ca\/fr\/","name":"Big Timber Construction Fasteners","description":"Professional Grade Fasteners for Professionals and Weekend Warriors","potentialAction":[{"@type":"SearchAction","target":{"@type":"EntryPoint","urlTemplate":"https:\/\/bigtimberfasteners.ca\/fr\/?s={search_term_string}"},"query-input":{"@type":"PropertyValueSpecification","valueRequired":true,"valueName":"search_term_string"}}],"inLanguage":"fr-FR"}]}},"_links":{"self":[{"href":"https:\/\/bigtimberfasteners.ca\/fr\/wp-json\/wp\/v2\/pages\/192584","targetHints":{"allow":["GET"]}}],"collection":[{"href":"https:\/\/bigtimberfasteners.ca\/fr\/wp-json\/wp\/v2\/pages"}],"about":[{"href":"https:\/\/bigtimberfasteners.ca\/fr\/wp-json\/wp\/v2\/types\/page"}],"author":[{"embeddable":true,"href":"https:\/\/bigtimberfasteners.ca\/fr\/wp-json\/wp\/v2\/users\/1"}],"replies":[{"embeddable":true,"href":"https:\/\/bigtimberfasteners.ca\/fr\/wp-json\/wp\/v2\/comments?post=192584"}],"version-history":[{"count":7,"href":"https:\/\/bigtimberfasteners.ca\/fr\/wp-json\/wp\/v2\/pages\/192584\/revisions"}],"predecessor-version":[{"id":193038,"href":"https:\/\/bigtimberfasteners.ca\/fr\/wp-json\/wp\/v2\/pages\/192584\/revisions\/193038"}],"wp:attachment":[{"href":"https:\/\/bigtimberfasteners.ca\/fr\/wp-json\/wp\/v2\/media?parent=192584"}],"curies":[{"name":"wp","href":"https:\/\/api.w.org\/{rel}","templated":true}]}}