{"id":192634,"date":"2021-10-14T09:21:37","date_gmt":"2021-10-14T15:21:37","guid":{"rendered":"https:\/\/bigtimbercanada.rocket55dev.comproducts\/"},"modified":"2024-08-26T12:20:43","modified_gmt":"2024-08-26T18:20:43","slug":"products","status":"publish","type":"page","link":"https:\/\/bigtimberfasteners.ca\/fr\/products\/","title":{"rendered":"Produits"},"content":{"rendered":"<p>Nous proposons une grande vari\u00e9t\u00e9 de vis pour r\u00e9pondre aux besoins des professionnels et des guerriers du dimanche.<\/p>\n","protected":false},"excerpt":{"rendered":"<p>Nous proposons une grande vari\u00e9t\u00e9 de vis pour r\u00e9pondre aux besoins des professionnels et des guerriers du dimanche.<\/p>\n","protected":false},"author":1,"featured_media":0,"parent":0,"menu_order":0,"comment_status":"closed","ping_status":"closed","template":"","meta":{"_acf_changed":false,"footnotes":""},"class_list":["post-192634","page","type-page","status-publish","hentry"],"acf":[],"yoast_head":"<!-- This site is optimized with the Yoast SEO plugin v27.0 - https:\/\/yoast.com\/product\/yoast-seo-wordpress\/ -->\n<title>Vis de construction ext\u00e9rieure et int\u00e9rieure en vrac | Big Timber<\/title>\n<meta name=\"description\" content=\"Parcourez notre s\u00e9lection de vis de construction ext\u00e9rieure et int\u00e9rieure de qualit\u00e9 professionnelle et r\u00e9sistantes \u00e0 la corrosion. Disponible en vrac - aucun travail n&#039;est trop important pour Big TImber !\" \/>\n<meta name=\"robots\" content=\"index, follow, max-snippet:-1, max-image-preview:large, max-video-preview:-1\" \/>\n<link rel=\"canonical\" href=\"https:\/\/bigtimberfasteners.ca\/fr\/products\/\" \/>\n<meta property=\"og:locale\" content=\"fr_FR\" \/>\n<meta property=\"og:type\" content=\"article\" \/>\n<meta property=\"og:title\" content=\"Vis de construction ext\u00e9rieure et int\u00e9rieure en vrac | Big Timber\" \/>\n<meta property=\"og:description\" content=\"Parcourez notre s\u00e9lection de vis de construction ext\u00e9rieure et int\u00e9rieure de qualit\u00e9 professionnelle et r\u00e9sistantes \u00e0 la corrosion. Disponible en vrac - aucun travail n&#039;est trop important pour Big TImber !\" \/>\n<meta property=\"og:url\" content=\"https:\/\/bigtimberfasteners.ca\/fr\/products\/\" \/>\n<meta property=\"og:site_name\" content=\"Big Timber Construction Fasteners\" \/>\n<meta property=\"article:modified_time\" content=\"2024-08-26T18:20:43+00:00\" \/>\n<meta property=\"og:image\" content=\"https:\/\/bigtimberfasteners.ca\/wp-content\/uploads\/2024\/08\/Greenshot-2024-08-23-12.44.33.png\" \/>\n\t<meta property=\"og:image:width\" content=\"1586\" \/>\n\t<meta property=\"og:image:height\" content=\"920\" \/>\n\t<meta property=\"og:image:type\" content=\"image\/png\" \/>\n<meta name=\"twitter:card\" content=\"summary_large_image\" \/>\n<meta name=\"twitter:label1\" content=\"Dur\u00e9e de lecture estim\u00e9e\" \/>\n\t<meta name=\"twitter:data1\" content=\"1 minute\" \/>\n<script type=\"application\/ld+json\" class=\"yoast-schema-graph\">{\"@context\":\"https:\/\/schema.org\",\"@graph\":[{\"@type\":\"WebPage\",\"@id\":\"https:\/\/bigtimberfasteners.ca\/fr\/products\/\",\"url\":\"https:\/\/bigtimberfasteners.ca\/fr\/products\/\",\"name\":\"Vis de construction ext\u00e9rieure et int\u00e9rieure en vrac | Big Timber\",\"isPartOf\":{\"@id\":\"https:\/\/bigtimberfasteners.ca\/fr\/#website\"},\"datePublished\":\"2021-10-14T15:21:37+00:00\",\"dateModified\":\"2024-08-26T18:20:43+00:00\",\"description\":\"Parcourez notre s\u00e9lection de vis de construction ext\u00e9rieure et int\u00e9rieure de qualit\u00e9 professionnelle et r\u00e9sistantes \u00e0 la corrosion. Disponible en vrac - aucun travail n'est trop important pour Big TImber !\",\"breadcrumb\":{\"@id\":\"https:\/\/bigtimberfasteners.ca\/fr\/products\/#breadcrumb\"},\"inLanguage\":\"fr-FR\",\"potentialAction\":[{\"@type\":\"ReadAction\",\"target\":[\"https:\/\/bigtimberfasteners.ca\/fr\/products\/\"]}]},{\"@type\":\"BreadcrumbList\",\"@id\":\"https:\/\/bigtimberfasteners.ca\/fr\/products\/#breadcrumb\",\"itemListElement\":[{\"@type\":\"ListItem\",\"position\":1,\"name\":\"Home\",\"item\":\"https:\/\/bigtimberfasteners.ca\/fr\/\"},{\"@type\":\"ListItem\",\"position\":2,\"name\":\"Produits\"}]},{\"@type\":\"WebSite\",\"@id\":\"https:\/\/bigtimberfasteners.ca\/fr\/#website\",\"url\":\"https:\/\/bigtimberfasteners.ca\/fr\/\",\"name\":\"Big Timber Construction Fasteners\",\"description\":\"Professional Grade Fasteners for Professionals and Weekend Warriors\",\"potentialAction\":[{\"@type\":\"SearchAction\",\"target\":{\"@type\":\"EntryPoint\",\"urlTemplate\":\"https:\/\/bigtimberfasteners.ca\/fr\/?s={search_term_string}\"},\"query-input\":{\"@type\":\"PropertyValueSpecification\",\"valueRequired\":true,\"valueName\":\"search_term_string\"}}],\"inLanguage\":\"fr-FR\"}]}<\/script>\n<!-- \/ Yoast SEO plugin. -->","yoast_head_json":{"title":"Vis de construction ext\u00e9rieure et int\u00e9rieure en vrac | Big Timber","description":"Parcourez notre s\u00e9lection de vis de construction ext\u00e9rieure et int\u00e9rieure de qualit\u00e9 professionnelle et r\u00e9sistantes \u00e0 la corrosion. Disponible en vrac - aucun travail n'est trop important pour Big TImber !","robots":{"index":"index","follow":"follow","max-snippet":"max-snippet:-1","max-image-preview":"max-image-preview:large","max-video-preview":"max-video-preview:-1"},"canonical":"https:\/\/bigtimberfasteners.ca\/fr\/products\/","og_locale":"fr_FR","og_type":"article","og_title":"Vis de construction ext\u00e9rieure et int\u00e9rieure en vrac | Big Timber","og_description":"Parcourez notre s\u00e9lection de vis de construction ext\u00e9rieure et int\u00e9rieure de qualit\u00e9 professionnelle et r\u00e9sistantes \u00e0 la corrosion. Disponible en vrac - aucun travail n'est trop important pour Big TImber !","og_url":"https:\/\/bigtimberfasteners.ca\/fr\/products\/","og_site_name":"Big Timber Construction Fasteners","article_modified_time":"2024-08-26T18:20:43+00:00","og_image":[{"width":1586,"height":920,"url":"https:\/\/bigtimberfasteners.ca\/wp-content\/uploads\/2024\/08\/Greenshot-2024-08-23-12.44.33.png","type":"image\/png"}],"twitter_card":"summary_large_image","twitter_misc":{"Dur\u00e9e de lecture estim\u00e9e":"1 minute"},"schema":{"@context":"https:\/\/schema.org","@graph":[{"@type":"WebPage","@id":"https:\/\/bigtimberfasteners.ca\/fr\/products\/","url":"https:\/\/bigtimberfasteners.ca\/fr\/products\/","name":"Vis de construction ext\u00e9rieure et int\u00e9rieure en vrac | Big Timber","isPartOf":{"@id":"https:\/\/bigtimberfasteners.ca\/fr\/#website"},"datePublished":"2021-10-14T15:21:37+00:00","dateModified":"2024-08-26T18:20:43+00:00","description":"Parcourez notre s\u00e9lection de vis de construction ext\u00e9rieure et int\u00e9rieure de qualit\u00e9 professionnelle et r\u00e9sistantes \u00e0 la corrosion. Disponible en vrac - aucun travail n'est trop important pour Big TImber !","breadcrumb":{"@id":"https:\/\/bigtimberfasteners.ca\/fr\/products\/#breadcrumb"},"inLanguage":"fr-FR","potentialAction":[{"@type":"ReadAction","target":["https:\/\/bigtimberfasteners.ca\/fr\/products\/"]}]},{"@type":"BreadcrumbList","@id":"https:\/\/bigtimberfasteners.ca\/fr\/products\/#breadcrumb","itemListElement":[{"@type":"ListItem","position":1,"name":"Home","item":"https:\/\/bigtimberfasteners.ca\/fr\/"},{"@type":"ListItem","position":2,"name":"Produits"}]},{"@type":"WebSite","@id":"https:\/\/bigtimberfasteners.ca\/fr\/#website","url":"https:\/\/bigtimberfasteners.ca\/fr\/","name":"Big Timber Construction Fasteners","description":"Professional Grade Fasteners for Professionals and Weekend Warriors","potentialAction":[{"@type":"SearchAction","target":{"@type":"EntryPoint","urlTemplate":"https:\/\/bigtimberfasteners.ca\/fr\/?s={search_term_string}"},"query-input":{"@type":"PropertyValueSpecification","valueRequired":true,"valueName":"search_term_string"}}],"inLanguage":"fr-FR"}]}},"_links":{"self":[{"href":"https:\/\/bigtimberfasteners.ca\/fr\/wp-json\/wp\/v2\/pages\/192634","targetHints":{"allow":["GET"]}}],"collection":[{"href":"https:\/\/bigtimberfasteners.ca\/fr\/wp-json\/wp\/v2\/pages"}],"about":[{"href":"https:\/\/bigtimberfasteners.ca\/fr\/wp-json\/wp\/v2\/types\/page"}],"author":[{"embeddable":true,"href":"https:\/\/bigtimberfasteners.ca\/fr\/wp-json\/wp\/v2\/users\/1"}],"replies":[{"embeddable":true,"href":"https:\/\/bigtimberfasteners.ca\/fr\/wp-json\/wp\/v2\/comments?post=192634"}],"version-history":[{"count":5,"href":"https:\/\/bigtimberfasteners.ca\/fr\/wp-json\/wp\/v2\/pages\/192634\/revisions"}],"predecessor-version":[{"id":193000,"href":"https:\/\/bigtimberfasteners.ca\/fr\/wp-json\/wp\/v2\/pages\/192634\/revisions\/193000"}],"wp:attachment":[{"href":"https:\/\/bigtimberfasteners.ca\/fr\/wp-json\/wp\/v2\/media?parent=192634"}],"curies":[{"name":"wp","href":"https:\/\/api.w.org\/{rel}","templated":true}]}}